{"id":4202,"date":"2022-12-05T20:58:13","date_gmt":"2022-12-05T20:58:13","guid":{"rendered":"http:\/\/terrapereira.com.br\/?page_id=4202"},"modified":"2024-01-26T15:38:49","modified_gmt":"2024-01-26T15:38:49","slug":"nosso-blog","status":"publish","type":"page","link":"https:\/\/terrapereira.com.br\/index.php\/nosso-blog\/","title":{"rendered":"Nosso Blog"},"content":{"rendered":"\t\t<div data-elementor-type=\"wp-page\" data-elementor-id=\"4202\" class=\"elementor elementor-4202\" data-elementor-post-type=\"page\">\n\t\t\t\t\t\t<section class=\"elementor-section elementor-top-section elementor-element elementor-element-eca7132 elementor-section-full_width elementor-section-height-min-height elementor-section-height-default elementor-section-items-middle\" data-id=\"eca7132\" data-element_type=\"section\" data-settings=\"{&quot;background_background&quot;:&quot;classic&quot;}\">\n\t\t\t\t\t\t\t<div class=\"elementor-background-overlay\"><\/div>\n\t\t\t\t\t\t\t<div class=\"elementor-container elementor-column-gap-no\">\n\t\t\t\t\t<div class=\"elementor-column elementor-col-100 elementor-top-column elementor-element elementor-element-8687834\" data-id=\"8687834\" data-element_type=\"column\">\n\t\t\t<div class=\"elementor-widget-wrap elementor-element-populated\">\n\t\t\t\t\t\t<section class=\"elementor-section elementor-inner-section elementor-element elementor-element-ce42ef1 elementor-section-boxed elementor-section-height-default elementor-section-height-default\" data-id=\"ce42ef1\" data-element_type=\"section\">\n\t\t\t\t\t\t<div class=\"elementor-container elementor-column-gap-default\">\n\t\t\t\t\t<div class=\"elementor-column elementor-col-100 elementor-inner-column elementor-element elementor-element-5310cc7\" data-id=\"5310cc7\" data-element_type=\"column\">\n\t\t\t<div class=\"elementor-widget-wrap elementor-element-populated\">\n\t\t\t\t\t\t<div class=\"elementor-element elementor-element-c6f653d elementor-widget elementor-widget-heading\" data-id=\"c6f653d\" data-element_type=\"widget\" data-widget_type=\"heading.default\">\n\t\t\t\t<div class=\"elementor-widget-container\">\n\t\t\t\t\t<h1 class=\"elementor-heading-title elementor-size-default\">Nosso Blog<\/h1>\t\t\t\t<\/div>\n\t\t\t\t<\/div>\n\t\t\t\t\t<\/div>\n\t\t<\/div>\n\t\t\t\t\t<\/div>\n\t\t<\/section>\n\t\t\t\t\t<\/div>\n\t\t<\/div>\n\t\t\t\t\t<\/div>\n\t\t<\/section>\n\t\t\t\t<section class=\"elementor-section elementor-top-section elementor-element elementor-element-2d7f791 elementor-section-full_width elementor-section-height-min-height elementor-section-height-default elementor-section-items-middle\" data-id=\"2d7f791\" data-element_type=\"section\" data-settings=\"{&quot;background_background&quot;:&quot;classic&quot;}\">\n\t\t\t\t\t\t\t<div class=\"elementor-background-overlay\"><\/div>\n\t\t\t\t\t\t\t<div class=\"elementor-container elementor-column-gap-no\">\n\t\t\t\t\t<div class=\"elementor-column elementor-col-100 elementor-top-column elementor-element elementor-element-6554d7c\" data-id=\"6554d7c\" data-element_type=\"column\">\n\t\t\t<div class=\"elementor-widget-wrap elementor-element-populated\">\n\t\t\t\t\t\t<section class=\"elementor-section elementor-inner-section elementor-element elementor-element-b34aac5 elementor-section-boxed elementor-section-height-default elementor-section-height-default\" data-id=\"b34aac5\" data-element_type=\"section\">\n\t\t\t\t\t\t<div class=\"elementor-container elementor-column-gap-wider\">\n\t\t\t\t\t<div class=\"elementor-column elementor-col-100 elementor-inner-column elementor-element elementor-element-741d5c6\" data-id=\"741d5c6\" data-element_type=\"column\">\n\t\t\t<div class=\"elementor-widget-wrap elementor-element-populated\">\n\t\t\t\t\t\t<div class=\"elementor-element elementor-element-9aaf372 elementor-widget elementor-widget-heading\" data-id=\"9aaf372\" data-element_type=\"widget\" data-widget_type=\"heading.default\">\n\t\t\t\t<div class=\"elementor-widget-container\">\n\t\t\t\t\t<h2 class=\"elementor-heading-title elementor-size-default\">Not\u00edcias<\/h2>\t\t\t\t<\/div>\n\t\t\t\t<\/div>\n\t\t\t\t<div class=\"elementor-element elementor-element-4acfc00 elementor-widget-divider--view-line elementor-widget elementor-widget-divider\" data-id=\"4acfc00\" data-element_type=\"widget\" data-widget_type=\"divider.default\">\n\t\t\t\t<div class=\"elementor-widget-container\">\n\t\t\t\t\t\t\t<div class=\"elementor-divider\">\n\t\t\t<span class=\"elementor-divider-separator\">\n\t\t\t\t\t\t<\/span>\n\t\t<\/div>\n\t\t\t\t\t\t<\/div>\n\t\t\t\t<\/div>\n\t\t\t\t<div class=\"elementor-element elementor-element-d5d13df elementor-widget elementor-widget-eael-post-timeline\" data-id=\"d5d13df\" data-element_type=\"widget\" data-widget_type=\"eael-post-timeline.default\">\n\t\t\t\t<div class=\"elementor-widget-container\">\n\t\t\t\t\t<div id=\"eael-post-timeline-d5d13df\" class=\"eael-post-timeline timeline-layout-default eael-post-timeline-arrow-\">\n            <div class=\"eael-post-timeline eael-post-appender eael-post-appender-d5d13df\"><article class=\"eael-timeline-post eael-timeline-column\">\n    <div class=\"eael-timeline-bullet\"><\/div>\n    <div class=\"eael-timeline-post-inner\">\n        <a class=\"eael-timeline-post-link\" href=\"https:\/\/terrapereira.com.br\/index.php\/o-que-e-a-leucemia-linfocitica-cronica\/\" title=\"O que \u00e9 a leucemia linfoc\u00edtica cr\u00f4nica?\">\n            <time datetime=\"26 de janeiro de 2024\">26 de janeiro de 2024<\/time>\n            <div class=\"eael-timeline-post-image  attachment-full size-full\" style=\"background-image: url(https:\/\/terrapereira.com.br\/wp-content\/uploads\/2024\/01\/terrapereira-leucemia-linfocitica-cronica.png);\"><\/div><div class=\"eael-timeline-post-excerpt\"><p>Pra come\u00e7o de conversa, ela tamb\u00e9m pode ser chamada de...<\/p><\/div><div class=\"eael-timeline-post-title\">\n                    <h1 class=\"eael-timeline-post-title-text\">O que \u00e9 a leucemia linfoc\u00edtica cr\u00f4nica?<\/h1>\n                <\/div><\/a>\n    <\/div>\n<\/article><article class=\"eael-timeline-post eael-timeline-column\">\n    <div class=\"eael-timeline-bullet\"><\/div>\n    <div class=\"eael-timeline-post-inner\">\n        <a class=\"eael-timeline-post-link\" href=\"https:\/\/terrapereira.com.br\/index.php\/o-que-e-cancer-hereditario\/\" title=\"O que \u00e9 c\u00e2ncer heredit\u00e1rio?\">\n            <time datetime=\"26 de janeiro de 2024\">26 de janeiro de 2024<\/time>\n            <div class=\"eael-timeline-post-image  attachment-full size-full\" style=\"background-image: url(https:\/\/terrapereira.com.br\/wp-content\/uploads\/2024\/01\/terrapereira-O-que-e-cancer-hereditario.jpg);\"><\/div><div class=\"eael-timeline-post-excerpt\"><p>Todas as pessoas t\u00eam duas c\u00f3pias de cada gene, uma...<\/p><\/div><div class=\"eael-timeline-post-title\">\n                    <h1 class=\"eael-timeline-post-title-text\">O que \u00e9 c\u00e2ncer heredit\u00e1rio?<\/h1>\n                <\/div><\/a>\n    <\/div>\n<\/article><article class=\"eael-timeline-post eael-timeline-column\">\n    <div class=\"eael-timeline-bullet\"><\/div>\n    <div class=\"eael-timeline-post-inner\">\n        <a class=\"eael-timeline-post-link\" href=\"https:\/\/terrapereira.com.br\/index.php\/doenca-de-alzheimer\/\" title=\"Doen\u00e7a de Alzheimer\">\n            <time datetime=\"26 de janeiro de 2024\">26 de janeiro de 2024<\/time>\n            <div class=\"eael-timeline-post-image  attachment-full size-full\" style=\"background-image: url(https:\/\/terrapereira.com.br\/wp-content\/uploads\/2024\/01\/terrapereira-Doenca-de-Alzheimer.jpg);\"><\/div><div class=\"eael-timeline-post-excerpt\"><p>A Doen\u00e7a de Alzheimer (DA) \u00e9 o tipo mais comum...<\/p><\/div><div class=\"eael-timeline-post-title\">\n                    <h1 class=\"eael-timeline-post-title-text\">Doen\u00e7a de Alzheimer<\/h1>\n                <\/div><\/a>\n    <\/div>\n<\/article><article class=\"eael-timeline-post eael-timeline-column\">\n    <div class=\"eael-timeline-bullet\"><\/div>\n    <div class=\"eael-timeline-post-inner\">\n        <a class=\"eael-timeline-post-link\" href=\"https:\/\/terrapereira.com.br\/index.php\/como-conseguir-a-atencao-do-consumidor-nos-dias-de-hoje\/\" title=\"Como Conseguir a Aten\u00e7\u00e3o do Consumidor nos Dias de Hoje\">\n            <time datetime=\"9 de agosto de 2019\">9 de agosto de 2019<\/time>\n            <div class=\"eael-timeline-post-image  attachment-full size-full\" style=\"background-image: url();\"><\/div><div class=\"eael-timeline-post-excerpt\"><p>O tempo m\u00e9dico de aten\u00e7\u00e3o dedicada de um consumidor a...<\/p><\/div><div class=\"eael-timeline-post-title\">\n                    <h1 class=\"eael-timeline-post-title-text\">Como Conseguir a Aten\u00e7\u00e3o do Consumidor nos Dias de Hoje<\/h1>\n                <\/div><\/a>\n    <\/div>\n<\/article><article class=\"eael-timeline-post eael-timeline-column\">\n    <div class=\"eael-timeline-bullet\"><\/div>\n    <div class=\"eael-timeline-post-inner\">\n        <a class=\"eael-timeline-post-link\" href=\"https:\/\/terrapereira.com.br\/index.php\/valendo-se-da-tecnologia-da-informacao-para-enfrentar-a-crise\/\" title=\"Valendo-se da Tecnologia da Informa\u00e7\u00e3o para Enfrentar a Crise\">\n            <time datetime=\"9 de agosto de 2019\">9 de agosto de 2019<\/time>\n            <div class=\"eael-timeline-post-image  attachment-full size-full\" style=\"background-image: url();\"><\/div><div class=\"eael-timeline-post-excerpt\"><p>Por Pedro Silvano Gunther A exemplo dos demais setores da...<\/p><\/div><div class=\"eael-timeline-post-title\">\n                    <h1 class=\"eael-timeline-post-title-text\">Valendo-se da Tecnologia da Informa\u00e7\u00e3o para Enfrentar a Crise<\/h1>\n                <\/div><\/a>\n    <\/div>\n<\/article><article class=\"eael-timeline-post eael-timeline-column\">\n    <div class=\"eael-timeline-bullet\"><\/div>\n    <div class=\"eael-timeline-post-inner\">\n        <a class=\"eael-timeline-post-link\" href=\"https:\/\/terrapereira.com.br\/index.php\/planejamento-estrategico-satisfacao-do-cliente\/\" title=\"Planejamento Estrat\u00e9gico &#8211; Satisfa\u00e7\u00e3o do Cliente\">\n            <time datetime=\"28 de junho de 2019\">28 de junho de 2019<\/time>\n            <div class=\"eael-timeline-post-image  attachment-full size-full\" style=\"background-image: url();\"><\/div><div class=\"eael-timeline-post-excerpt\"><p>PLANEJAMENTO ESTRAT\u00c9GICO Lucratividade market share satisfa\u00e7\u00e3o do cliente. Rede lucrativa,...<\/p><\/div><div class=\"eael-timeline-post-title\">\n                    <h1 class=\"eael-timeline-post-title-text\">Planejamento Estrat\u00e9gico &#8211; Satisfa\u00e7\u00e3o do Cliente<\/h1>\n                <\/div><\/a>\n    <\/div>\n<\/article><article class=\"eael-timeline-post eael-timeline-column\">\n    <div class=\"eael-timeline-bullet\"><\/div>\n    <div class=\"eael-timeline-post-inner\">\n        <a class=\"eael-timeline-post-link\" href=\"https:\/\/terrapereira.com.br\/index.php\/os-dois-lados-do-balcao\/\" title=\"Os Dois Lados do Balc\u00e3o\">\n            <time datetime=\"28 de junho de 2019\">28 de junho de 2019<\/time>\n            <div class=\"eael-timeline-post-image  attachment-full size-full\" style=\"background-image: url();\"><\/div><div class=\"eael-timeline-post-excerpt\"><p>A CULPA PELO MAU ATENDIMENTO \u00c9 QUSE SEMPRE DOS DONOS...<\/p><\/div><div class=\"eael-timeline-post-title\">\n                    <h1 class=\"eael-timeline-post-title-text\">Os Dois Lados do Balc\u00e3o<\/h1>\n                <\/div><\/a>\n    <\/div>\n<\/article><article class=\"eael-timeline-post eael-timeline-column\">\n    <div class=\"eael-timeline-bullet\"><\/div>\n    <div class=\"eael-timeline-post-inner\">\n        <a class=\"eael-timeline-post-link\" href=\"https:\/\/terrapereira.com.br\/index.php\/dicas-de-sucesso\/\" title=\"Dicas de Sucesso\">\n            <time datetime=\"28 de junho de 2019\">28 de junho de 2019<\/time>\n            <div class=\"eael-timeline-post-image  attachment-full size-full\" style=\"background-image: url();\"><\/div><div class=\"eael-timeline-post-excerpt\"><p>MONTAR UMA EQUIPE com pessoas s\u00e9rias e dedicadas com afinidade....<\/p><\/div><div class=\"eael-timeline-post-title\">\n                    <h1 class=\"eael-timeline-post-title-text\">Dicas de Sucesso<\/h1>\n                <\/div><\/a>\n    <\/div>\n<\/article><article class=\"eael-timeline-post eael-timeline-column\">\n    <div class=\"eael-timeline-bullet\"><\/div>\n    <div class=\"eael-timeline-post-inner\">\n        <a class=\"eael-timeline-post-link\" href=\"https:\/\/terrapereira.com.br\/index.php\/administracao-do-tempo\/\" title=\"Administra\u00e7\u00e3o do Tempo\">\n            <time datetime=\"28 de junho de 2019\">28 de junho de 2019<\/time>\n            <div class=\"eael-timeline-post-image  attachment-full size-full\" style=\"background-image: url();\"><\/div><div class=\"eael-timeline-post-excerpt\"><p>Atualmente, as mudan\u00e7as constantes e as necessidades de adequa\u00e7\u00f5es oriundas...<\/p><\/div><div class=\"eael-timeline-post-title\">\n                    <h1 class=\"eael-timeline-post-title-text\">Administra\u00e7\u00e3o do Tempo<\/h1>\n                <\/div><\/a>\n    <\/div>\n<\/article><article class=\"eael-timeline-post eael-timeline-column\">\n    <div class=\"eael-timeline-bullet\"><\/div>\n    <div class=\"eael-timeline-post-inner\">\n        <a class=\"eael-timeline-post-link\" href=\"https:\/\/terrapereira.com.br\/index.php\/como-ser-eficiente\/\" title=\"Como ser Eficiente\">\n            <time datetime=\"21 de mar\u00e7o de 2019\">21 de mar\u00e7o de 2019<\/time>\n            <div class=\"eael-timeline-post-image  attachment-full size-full\" style=\"background-image: url();\"><\/div><div class=\"eael-timeline-post-excerpt\"><p>Hoje, ser eficiente \u00e9 fundamental. No trabalho, na escola e...<\/p><\/div><div class=\"eael-timeline-post-title\">\n                    <h1 class=\"eael-timeline-post-title-text\">Como ser Eficiente<\/h1>\n                <\/div><\/a>\n    <\/div>\n<\/article><\/div>\n\t\t<\/div>            <div class=\"eael-load-more-button-wrap\">\n                <button class=\"eael-load-more-button\" id=\"eael-load-more-btn-d5d13df\" data-widget-id=\"d5d13df\" data-widget=\"d5d13df\" data-page-id=\"4202\" data-template=\"{&quot;dir&quot;:&quot;lite&quot;,&quot;file_name&quot;:&quot;default.php&quot;,&quot;name&quot;:&quot;Post-Timeline&quot;}\" data-class=\"Essential_Addons_Elementor\\Elements\\Post_Timeline\" data-layout=\"\" data-page=\"1\" data-args=\"orderby=date&amp;order=desc&amp;ignore_sticky_posts=1&amp;post_status=publish&amp;posts_per_page=10&amp;offset=5&amp;post_type=post\" data-max-page=\"6\">\n                    <span class=\"eael-btn-loader button__loader\"><\/span>\n                    <span class=\"eael_load_more_text\">Carregar mais not\u00edcias<\/span>\n                <\/button>\n            <\/div>\n            \t\t\t\t<\/div>\n\t\t\t\t<\/div>\n\t\t\t\t\t<\/div>\n\t\t<\/div>\n\t\t\t\t\t<\/div>\n\t\t<\/section>\n\t\t\t\t\t<\/div>\n\t\t<\/div>\n\t\t\t\t\t<\/div>\n\t\t<\/section>\n\t\t\t\t<section class=\"elementor-section elementor-top-section elementor-element elementor-element-b7b58ce elementor-section-full_width elementor-section-stretched elementor-section-height-default elementor-section-height-default\" data-id=\"b7b58ce\" data-element_type=\"section\" data-settings=\"{&quot;stretch_section&quot;:&quot;section-stretched&quot;,&quot;background_background&quot;:&quot;classic&quot;}\">\n\t\t\t\t\t\t\t<div class=\"elementor-background-overlay\"><\/div>\n\t\t\t\t\t\t\t<div class=\"elementor-container elementor-column-gap-wider\">\n\t\t\t\t\t<div class=\"elementor-column elementor-col-100 elementor-top-column elementor-element elementor-element-3a0ba28\" data-id=\"3a0ba28\" data-element_type=\"column\">\n\t\t\t<div class=\"elementor-widget-wrap elementor-element-populated\">\n\t\t\t\t\t\t<section class=\"elementor-section elementor-inner-section elementor-element elementor-element-f69975a elementor-section-boxed elementor-section-height-default elementor-section-height-default\" data-id=\"f69975a\" data-element_type=\"section\">\n\t\t\t\t\t\t<div class=\"elementor-container elementor-column-gap-default\">\n\t\t\t\t\t<div class=\"elementor-column elementor-col-100 elementor-inner-column elementor-element elementor-element-63c8173\" data-id=\"63c8173\" data-element_type=\"column\">\n\t\t\t<div class=\"elementor-widget-wrap elementor-element-populated\">\n\t\t\t\t\t\t<div class=\"elementor-element elementor-element-4461dce elementor-widget elementor-widget-heading\" data-id=\"4461dce\" data-element_type=\"widget\" data-widget_type=\"heading.default\">\n\t\t\t\t<div class=\"elementor-widget-container\">\n\t\t\t\t\t<h2 class=\"elementor-heading-title elementor-size-default\">Clique para marca\u00e7\u00e3o<\/h2>\t\t\t\t<\/div>\n\t\t\t\t<\/div>\n\t\t\t\t<div class=\"elementor-element elementor-element-c16e421 elementor-widget-divider--view-line elementor-widget elementor-widget-divider\" data-id=\"c16e421\" data-element_type=\"widget\" data-widget_type=\"divider.default\">\n\t\t\t\t<div class=\"elementor-widget-container\">\n\t\t\t\t\t\t\t<div class=\"elementor-divider\">\n\t\t\t<span class=\"elementor-divider-separator\">\n\t\t\t\t\t\t<\/span>\n\t\t<\/div>\n\t\t\t\t\t\t<\/div>\n\t\t\t\t<\/div>\n\t\t\t\t<section class=\"elementor-section elementor-inner-section elementor-element elementor-element-04c5671 elementor-section-boxed elementor-section-height-default elementor-section-height-default\" data-id=\"04c5671\" data-element_type=\"section\">\n\t\t\t\t\t\t<div class=\"elementor-container elementor-column-gap-default\">\n\t\t\t\t\t<div class=\"elementor-column elementor-col-100 elementor-inner-column elementor-element elementor-element-2fbcd2c\" data-id=\"2fbcd2c\" data-element_type=\"column\">\n\t\t\t<div class=\"elementor-widget-wrap elementor-element-populated\">\n\t\t\t\t\t\t<div class=\"elementor-element elementor-element-c1622ef elementor-widget elementor-widget-eael-creative-button\" data-id=\"c1622ef\" data-element_type=\"widget\" data-widget_type=\"eael-creative-button.default\">\n\t\t\t\t<div class=\"elementor-widget-container\">\n\t\t\t\t\t        <div class=\"eael-creative-button-wrapper\">\n\n            <a class=\"eael-creative-button eael-creative-button--default\" href=\"https:\/\/wa.me\/21996064643\" target=\"_blank\" data-text=\"Go!\">\n\n\t    \n                <div class=\"creative-button-inner\">\n\n                                            <span class=\"eael-creative-button-icon-left\"><i aria-hidden=\"true\" class=\"fab fa-whatsapp\"><\/i><\/span>                    \n                    <span class=\"cretive-button-text\">Agende pelo Whatsapp<\/span>\n\n                                    <\/div>\n\t                        <\/a>\n        <\/div>\n\t\t\t\t<\/div>\n\t\t\t\t<\/div>\n\t\t\t\t\t<\/div>\n\t\t<\/div>\n\t\t\t\t\t<\/div>\n\t\t<\/section>\n\t\t\t\t\t<\/div>\n\t\t<\/div>\n\t\t\t\t\t<\/div>\n\t\t<\/section>\n\t\t\t\t\t<\/div>\n\t\t<\/div>\n\t\t\t\t\t<\/div>\n\t\t<\/section>\n\t\t\t\t<\/div>\n\t\t","protected":false},"excerpt":{"rendered":"<p>Nosso Blog Not\u00edcias 26 de janeiro de 2024 Pra come\u00e7o de conversa, ela tamb\u00e9m pode ser chamada de&#8230; O que \u00e9 a leucemia linfoc\u00edtica cr\u00f4nica? 26 de janeiro de 2024 Todas as pessoas t\u00eam duas c\u00f3pias de cada gene, uma&#8230; O que \u00e9 c\u00e2ncer heredit\u00e1rio? 26 de janeiro de 2024 A Doen\u00e7a de Alzheimer (DA) &hellip;<\/p>\n<p class=\"read-more\"> <a class=\"\" href=\"https:\/\/terrapereira.com.br\/index.php\/como-ser-eficiente\/\"> <span class=\"screen-reader-text\">Como ser Eficiente<\/span> Leia mais &raquo;<\/a><\/p>\n","protected":false},"author":1,"featured_media":0,"parent":0,"menu_order":0,"comment_status":"closed","ping_status":"closed","template":"","meta":{"site-sidebar-layout":"default","site-content-layout":"page-builder","ast-global-header-display":"","ast-banner-title-visibility":"","ast-main-header-display":"","ast-hfb-above-header-display":"","ast-hfb-below-header-display":"","ast-hfb-mobile-header-display":"","site-post-title":"disabled","ast-breadcrumbs-content":"","ast-featured-img":"disabled","footer-sml-layout":"","theme-transparent-header-meta":"default","adv-header-id-meta":"","stick-header-meta":"default","header-above-stick-meta":"","header-main-stick-meta":"","header-below-stick-meta":"","footnotes":""},"class_list":["post-4202","page","type-page","status-publish","hentry"],"_links":{"self":[{"href":"https:\/\/terrapereira.com.br\/index.php\/wp-json\/wp\/v2\/pages\/4202","targetHints":{"allow":["GET"]}}],"collection":[{"href":"https:\/\/terrapereira.com.br\/index.php\/wp-json\/wp\/v2\/pages"}],"about":[{"href":"https:\/\/terrapereira.com.br\/index.php\/wp-json\/wp\/v2\/types\/page"}],"author":[{"embeddable":true,"href":"https:\/\/terrapereira.com.br\/index.php\/wp-json\/wp\/v2\/users\/1"}],"replies":[{"embeddable":true,"href":"https:\/\/terrapereira.com.br\/index.php\/wp-json\/wp\/v2\/comments?post=4202"}],"version-history":[{"count":51,"href":"https:\/\/terrapereira.com.br\/index.php\/wp-json\/wp\/v2\/pages\/4202\/revisions"}],"predecessor-version":[{"id":4751,"href":"https:\/\/terrapereira.com.br\/index.php\/wp-json\/wp\/v2\/pages\/4202\/revisions\/4751"}],"wp:attachment":[{"href":"https:\/\/terrapereira.com.br\/index.php\/wp-json\/wp\/v2\/media?parent=4202"}],"curies":[{"name":"wp","href":"https:\/\/api.w.org\/{rel}","templated":true}]}}