{"id":30,"date":"2013-09-06T11:28:19","date_gmt":"2013-09-06T11:28:19","guid":{"rendered":"http:\/\/terrapereira.com.br\/?page_id=30"},"modified":"2020-05-15T13:29:28","modified_gmt":"2020-05-15T13:29:28","slug":"exames","status":"publish","type":"page","link":"https:\/\/terrapereira.com.br\/index.php\/exames\/","title":{"rendered":"Exames"},"content":{"rendered":"<p>[vc_row top_margin=&#8221;none&#8221; el_position=&#8221;first&#8221;] [vc_column top_margin=&#8221;none&#8221; width=&#8221;2\/3&#8243;] [vc_accordion top_margin=&#8221;page_margin_top_section&#8221; active=&#8221;0&#8243; el_position=&#8221;first last&#8221;] [vc_accordion_tab title=&#8221;Protocolos de urina de 24 horas&#8221;] [vc_column_text el_position=&#8221;first last&#8221;]<\/p>\n<p><strong>DOSAGENS:<\/strong><\/p>\n<p><strong>\u2022 CLEARENCE DE CREATININA\/CLEARENCE DE UR\u00c9IA:<\/strong><\/p>\n<p>Toda dosagem dos itens citados deve-se colher urina de 24 horas, e jejum de 8 horas para colher uma amostra de soro. O paciente dever\u00e1 levar seu peso e altura que deve ser retirado da balan\u00e7a eletr\u00f4nica.<\/p>\n<p><strong>\u2022 UR\u00c9IA, \u00c1CIDO \u00daRICO, <strong>C\u00c1LCIO, PROTEIN\u00daRIA, MICROALBUMIN\u00daRIA, AMILASE, CLORO, S\u00d3DIO, POT\u00c1SSIO E F\u00d3SFORO<\/strong>\u00a0(URINA DE 24 HORAS):<\/strong><\/p>\n<p>Esses analitos n\u00e3o necessitam de coleta de soro, nem do papel da balan\u00e7a eletr\u00f4nica com peso e altura. Somente a urina de 24 horas.<\/p>\n<p>[\/vc_column_text] [\/vc_accordion_tab] [vc_accordion_tab title=&#8221;Orienta\u00e7\u00f5es para coleta de sangue&#8221;] [vc_column_text el_position=&#8221;first last&#8221;]<\/p>\n<p><strong>\u2022\u00a0\u00a0 \u00a0Dosagem de LIPIDOGRAMA:<\/strong>\u00a0Jejum de 12 horas.<\/p>\n<p><strong>\u2022\u00a0\u00a0 Dosagem de HEMOGRAMA e PLAQUETAS: <\/strong>\u00a0Jejum da manh\u00e3, ou jejum de 4 horas.<\/p>\n<p><strong>\u2022\u00a0\u00a0 \u00a0Dosagem de GLICOSE:<\/strong>\u00a0Jejum de 8 horas.<\/p>\n<p><strong>\u2022\u00a0\u00a0 \u00a0Procedimento para CURVA GLICEMICA:<\/strong>\u00a0Este procedimento \u00e9 realizado mediante agendamento pr\u00e9vio, para tal deve-se entrar em contato com uma de nossas unidades para demais orienta\u00e7\u00f5es e informa\u00e7\u00f5es.<\/p>\n<p><strong>\u2022\u00a0\u00a0 \u00a0Dosagem de CORTISOL e SEROTONINA:<\/strong>1 \u2013 N\u00e3o fazer uso de bebida alco\u00f3lica, diur\u00e9ticos, calmantes ou qualquer tipo de medicamento 12 horas antes da coleta de sangue. Ap\u00f3s a realiza\u00e7\u00e3o da coleta, proceder \u00e0 ingest\u00e3o dos medicamentos normalmente.<\/p>\n<p>2 \u2013 N\u00e3o sobrecarregar o estomago (comer muito) no jantar e fazer JEJUM de 12 horas.<br \/>\n3 \u2013 Beber 2 a 3 copos de \u00e1gua de 30 minutos \u00e0 1 hora antes da coleta da sangue.<br \/>\n4 \u2013 N\u00e3o fazer atividade f\u00edsica na noite anterior ao exame.<br \/>\n5 \u2013 Procurar n\u00e3o se estressar (demais) nas 24 horas que antecedem o exame. Caso ocorra algum estresse, adiar o exame.<br \/>\n6 \u2013 Orientar que os exames devem ser coletados entre 8:00h e 8:30h da manh\u00e3 a fim de se observar o \u201cpico de Cortisol\u201d, devendo o paciente chegar ao menos com 60 minutos de anteced\u00eancia para\u00a0 \u201crepouso necess\u00e1rio\u201d que deve anteceder o exame.<b><\/b><\/p>\n<p><strong>SEROTONINA &#8211;<\/strong>\u00a0Para essa dosagem \u00e9 necess\u00e1rio a seguinte Dieta de at\u00e9 2 dias antes do exame:<br \/>\nDieta: Nas 48 horas que antecedem ao exame o paciente dever\u00e1 suspender a ingest\u00e3o de caf\u00e9, chocolate, refrigerante, abacate, abacaxi, ameixa, banana, berinjela, picles, Kiwi, nozes, tomate, alimentos aromatizados com baunilha e bebidas alco\u00f3licas, ch\u00e1s (preto, mate, verde e derivados), biscoitos e sorvetes. Ap\u00f3s a realiza\u00e7\u00e3o da coleta, n\u00e3o \u00e9 mais necess\u00e1rio continuar a dieta.<\/p>\n<p>[\/vc_column_text] [\/vc_accordion_tab] [vc_accordion_tab title=&#8221;Procedimento para realiza\u00e7\u00e3o do ESPERMOGRAMA&#8221;] [vc_column_text el_position=&#8221;first last&#8221;]<\/p>\n<p>Abstin\u00eancia sexual de 3 a 5 dias, ou de acordo com orienta\u00e7\u00e3o m\u00e9dica. Colher o material por meio de automasturba\u00e7\u00e3o. Levar o mais breve poss\u00edvel ao laborat\u00f3rio,dentro do prazo de 30 minutos a 40 minutos ap\u00f3s a coleta do material.<\/p>\n<p>[\/vc_column_text] [\/vc_accordion_tab] [vc_accordion_tab title=&#8221;Coleta de amostra para realiza\u00e7\u00e3o de exame Parasitol\u00f3gico&#8221;] [vc_column_text el_position=&#8221;first last&#8221;]<\/p>\n<p><strong>\u2022 POP &#8211; Parasitol\u00f3gico de Fezes:<\/strong> Coletar fezes de 1 dia em frasco coletor universal (sem conservante). Acondicionar o material em geladeira (sem congelar). Colher aproximadamente 1g de fezes (uma pazinha).<\/p>\n<p><strong>\u2022 MIF:<\/strong> Coletar fezes de 3 dias em frasco de MIF (com conservante &#8211; OBS: n\u00e3o \u00e9 necess\u00e1rio acondicionar a amostra em geladeira, desde que a mesma esteja submersa no l\u00edquido conservante). Colher aproximadamente 1g de fezes (uma pazinha) por dia coletado.<\/p>\n<p><strong>\u2022 PESQUISA DE SANGUE OCULTO:<\/strong> Coletar as fezes em frasco coletor universal. N\u00e3o \u00e9 necess\u00e1rio dieta pr\u00e9via. Colher aproximadamente 1g de fezes (uma pazinha).<\/p>\n<p>[\/vc_column_text] [\/vc_accordion_tab] [\/vc_accordion] [\/vc_column] [vc_column top_margin=&#8221;none&#8221; width=&#8221;1\/3&#8243;] [vc_button title=&#8221;Laudo Online&#8221; href=&#8221;http:\/\/www.laudoonline.com.br\/terrapereira\/&#8221; size=&#8221;medium&#8221; icon=&#8221;none&#8221; target=&#8221;_self&#8221; text_color=&#8221;#FFFFFF&#8221; hover_text_color=&#8221;#FFFFFF&#8221; color=&#8221;#3156a3&#8243; hover_color=&#8221;#3156a3&#8243; top_margin=&#8221;none&#8221; el_position=&#8221;first&#8221;] [vc_separator] [vc_widget_sidebar sidebar_id=&#8221;sidebar-exames&#8221; top_margin=&#8221;page_margin_top&#8221;] [vc_column_text]<\/p>\n<p>Para demais orienta\u00e7\u00f5es fazer contato com a Unidade de prefer\u00eancia, pessoalmente, via e-mail, telefone ou fax.<\/p>\n<p>[\/vc_column_text] [show_all_button title=&#8221;Unidades \u2192&#8221; url=&#8221;\/index.php\/unidades\/&#8221; el_position=&#8221;last&#8221;] [\/vc_column] [\/vc_row] [vc_row top_margin=&#8221;none&#8221;] [vc_column top_margin=&#8221;none&#8221;] [\/vc_column] [\/vc_row] [vc_row top_margin=&#8221;none&#8221; el_position=&#8221;last&#8221;] [vc_column top_margin=&#8221;none&#8221;] [vc_column_text el_position=&#8221;first last&#8221;]<\/p>\n<p>&nbsp;<\/p>\n<p>[\/vc_column_text] [\/vc_column] [\/vc_row]<\/p>\n","protected":false},"excerpt":{"rendered":"<p>[vc_row top_margin=&#8221;none&#8221; el_position=&#8221;first&#8221;] [vc_column top_margin=&#8221;none&#8221; width=&#8221;2\/3&#8243;] [vc_accordion top_margin=&#8221;page_margin_top_section&#8221; active=&#8221;0&#8243; el_position=&#8221;first last&#8221;] [vc_accordion_tab title=&#8221;Protocolos de urina de 24 horas&#8221;] [vc_column_text el_position=&#8221;first last&#8221;] DOSAGENS: \u2022 CLEARENCE DE CREATININA\/CLEARENCE DE UR\u00c9IA: Toda dosagem dos itens citados deve-se colher urina de 24 horas, e jejum de 8 horas para colher uma amostra de soro. O paciente dever\u00e1 levar seu &hellip;<\/p>\n<p class=\"read-more\"> <a class=\"\" href=\"https:\/\/terrapereira.com.br\/index.php\/exames\/\"> <span class=\"screen-reader-text\">Exames<\/span> Leia mais &raquo;<\/a><\/p>\n","protected":false},"author":1,"featured_media":0,"parent":0,"menu_order":0,"comment_status":"open","ping_status":"open","template":"","meta":{"site-sidebar-layout":"default","site-content-layout":"default","ast-global-header-display":"","ast-banner-title-visibility":"","ast-main-header-display":"","ast-hfb-above-header-display":"","ast-hfb-below-header-display":"","ast-hfb-mobile-header-display":"","site-post-title":"","ast-breadcrumbs-content":"","ast-featured-img":"","footer-sml-layout":"","theme-transparent-header-meta":"","adv-header-id-meta":"","stick-header-meta":"","header-above-stick-meta":"","header-main-stick-meta":"","header-below-stick-meta":"","footnotes":""},"class_list":["post-30","page","type-page","status-publish","hentry"],"_links":{"self":[{"href":"https:\/\/terrapereira.com.br\/index.php\/wp-json\/wp\/v2\/pages\/30","targetHints":{"allow":["GET"]}}],"collection":[{"href":"https:\/\/terrapereira.com.br\/index.php\/wp-json\/wp\/v2\/pages"}],"about":[{"href":"https:\/\/terrapereira.com.br\/index.php\/wp-json\/wp\/v2\/types\/page"}],"author":[{"embeddable":true,"href":"https:\/\/terrapereira.com.br\/index.php\/wp-json\/wp\/v2\/users\/1"}],"replies":[{"embeddable":true,"href":"https:\/\/terrapereira.com.br\/index.php\/wp-json\/wp\/v2\/comments?post=30"}],"version-history":[{"count":69,"href":"https:\/\/terrapereira.com.br\/index.php\/wp-json\/wp\/v2\/pages\/30\/revisions"}],"predecessor-version":[{"id":3339,"href":"https:\/\/terrapereira.com.br\/index.php\/wp-json\/wp\/v2\/pages\/30\/revisions\/3339"}],"wp:attachment":[{"href":"https:\/\/terrapereira.com.br\/index.php\/wp-json\/wp\/v2\/media?parent=30"}],"curies":[{"name":"wp","href":"https:\/\/api.w.org\/{rel}","templated":true}]}}